{"id":11352,"date":"2024-10-13T20:22:56","date_gmt":"2024-10-13T20:22:56","guid":{"rendered":"https:\/\/www.interscala.gr\/?post_type=product&#038;p=11352"},"modified":"2024-10-13T20:55:41","modified_gmt":"2024-10-13T20:55:41","slug":"metal-frames-copy-copy-copy-copy-2","status":"publish","type":"product","link":"https:\/\/www.interscala.gr\/en\/skala\/uncategorized\/metal-frames-copy-copy-copy-copy-2\/","title":{"rendered":"Metal Frames (Copy) (Copy) (Copy) (Copy)"},"content":{"rendered":"","protected":false},"excerpt":{"rendered":"<div class=\"flex-1 overflow-hidden\">\n<div class=\"react-scroll-to-bottom--css-tsayy-79elbk h-full dark:bg-gray-800\">\n<div class=\"react-scroll-to-bottom--css-tsayy-1n7m0yu\">\n<div class=\"flex flex-col text-sm dark:bg-gray-800\">\n<div class=\"group w-full text-gray-800 dark:text-gray-100 border-b border-black\/10 dark:border-gray-900\/50 bg-gray-50 dark:bg-[#444654]\">\n<div class=\"flex p-4 gap-4 text-base md:gap-6 md:max-w-2xl lg:max-w-[38rem] xl:max-w-3xl md:py-6 lg:px-0 m-auto\">\n<div class=\"relative flex w-[calc(100%-50px)] flex-col gap-1 md:gap-3 lg:w-[calc(100%-115px)]\">\n<div class=\"flex flex-grow flex-col gap-3\">\n<div class=\"min-h-[20px] flex items-start overflow-x-auto whitespace-pre-wrap break-words flex-col gap-4\">\n<div class=\"markdown prose w-full break-words dark:prose-invert light\">\n<p>The support of the steps on two side frames or on a metal external frame and metal axis can have many applications and meet your requirements with a wide variety of models. The side frames can be straight or scalloped on one or both sides. Each of these options offers multiple designs to achieve the result you have dreamed of. The thickness of the side frames can range from 5mm to 100mm. In the center of the staircase, there can be a metal central axis with a diameter of \u00d8160mm. A range of different materials and colors will expand the range of your options geometrically. The steps can be surface-mounted or recessed depending on the design of the side frame. The choice of steps can be: \u2022 Solid glued wood of your choice with a thickness of 42mm, \u2022 Metal or stainless steel \u2022 Triplex glass (transparent or colored) with a thickness of 30mm. \u2022 Corian There are many proposals for covering the staircase or enclosing your stairs.<\/p>\n<p><strong>METAL STAIRCASE RAILINGS &amp; FLOOR ENCLOSURE<\/strong><\/p>\n<p>Metal staircase railing with electrostatically painted or stainless steel uprights in various designs. Between or next to the uprights, depending on the design, there are stainless steel tubes \u00d812 and stainless steel or wooden handrails \u00d850. The support fittings for the handrail and \u00d812 are chromed. The stainless steel of our products is grade 304. The railings can be installed either on the steps or on the side of the staircase.<\/p>\n<p><strong>GLASS STAIRCASE AND FLOOR ENCLOSURE<\/strong><\/p>\n<p>Glass enclosure for the staircase with triplex-sekurit 5\/5 or 10mm glass, with or without a handrail. The handrail can be stainless steel or wooden, in solid wood of your choice, in various designs. The glass can be installed on the side of the staircase using a planar system or on the steps when it is placed between metal or wooden uprights and balusters using a clamp.<\/p>\n<\/div>\n<\/div>\n<\/div>\n<\/div>\n<\/div>\n<\/div>\n<\/div>\n<\/div>\n<\/div>\n<\/div>\n","protected":false},"featured_media":9737,"comment_status":"closed","ping_status":"closed","template":"","meta":{"_acf_changed":false},"product_cat":[],"product_tag":[],"class_list":{"0":"post-11352","1":"product","2":"type-product","3":"status-publish","4":"has-post-thumbnail","7":"first","8":"instock","9":"shipping-taxable","10":"product-type-simple"},"acf":{"photo_gallery":{"product_gallery":[[]]}},"yoast_head":"<!-- This site is optimized with the Yoast SEO plugin v24.0 - https:\/\/yoast.com\/wordpress\/plugins\/seo\/ -->\n<title>Metal Frames (Copy) (Copy) (Copy) (Copy) - InterSCALA<\/title>\n<meta name=\"robots\" content=\"index, follow, max-snippet:-1, max-image-preview:large, max-video-preview:-1\" \/>\n<link rel=\"canonical\" href=\"https:\/\/www.interscala.gr\/en\/skala\/uncategorized\/metal-frames-copy-copy-copy-copy-2\/\" \/>\n<meta property=\"og:locale\" content=\"en_US\" \/>\n<meta property=\"og:type\" content=\"article\" \/>\n<meta property=\"og:title\" content=\"Metal Frames (Copy) (Copy) (Copy) (Copy) - InterSCALA\" \/>\n<meta property=\"og:description\" content=\"The support of the steps on two side frames or on a metal external frame and metal axis can have many applications and meet your requirements with a wide variety of models. The side frames can be straight or scalloped on one or both sides. Each of these options offers multiple designs to achieve the result you have dreamed of. The thickness of the side frames can range from 5mm to 100mm. In the center of the staircase, there can be a metal central axis with a diameter of \u00d8160mm. A range of different materials and colors will expand the range of your options geometrically. The steps can be surface-mounted or recessed depending on the design of the side frame. The choice of steps can be: \u2022 Solid glued wood of your choice with a thickness of 42mm, \u2022 Metal or stainless steel \u2022 Triplex glass (transparent or colored) with a thickness of 30mm. \u2022 Corian There are many proposals for covering the staircase or enclosing your stairs.  METAL STAIRCASE RAILINGS &amp; FLOOR ENCLOSURE  Metal staircase railing with electrostatically painted or stainless steel uprights in various designs. Between or next to the uprights, depending on the design, there are stainless steel tubes \u00d812 and stainless steel or wooden handrails \u00d850. The support fittings for the handrail and \u00d812 are chromed. The stainless steel of our products is grade 304. The railings can be installed either on the steps or on the side of the staircase.  GLASS STAIRCASE AND FLOOR ENCLOSURE  Glass enclosure for the staircase with triplex-sekurit 5\/5 or 10mm glass, with or without a handrail. The handrail can be stainless steel or wooden, in solid wood of your choice, in various designs. The glass can be installed on the side of the staircase using a planar system or on the steps when it is placed between metal or wooden uprights and balusters using a clamp.\" \/>\n<meta property=\"og:url\" content=\"https:\/\/www.interscala.gr\/en\/skala\/uncategorized\/metal-frames-copy-copy-copy-copy-2\/\" \/>\n<meta property=\"og:site_name\" content=\"InterSCALA\" \/>\n<meta property=\"article:publisher\" content=\"https:\/\/www.facebook.com\/InterSCALAgr\" \/>\n<meta property=\"article:modified_time\" content=\"2024-10-13T20:55:41+00:00\" \/>\n<meta property=\"og:image\" content=\"https:\/\/www.interscala.gr\/wp-content\/uploads\/2024\/01\/Bath03.jpg\" \/>\n\t<meta property=\"og:image:width\" content=\"518\" \/>\n\t<meta property=\"og:image:height\" content=\"800\" \/>\n\t<meta property=\"og:image:type\" content=\"image\/jpeg\" \/>\n<meta name=\"twitter:card\" content=\"summary_large_image\" \/>\n<script type=\"application\/ld+json\" class=\"yoast-schema-graph\">{\"@context\":\"https:\/\/schema.org\",\"@graph\":[{\"@type\":\"WebPage\",\"@id\":\"https:\/\/www.interscala.gr\/en\/skala\/uncategorized\/metal-frames-copy-copy-copy-copy-2\/\",\"url\":\"https:\/\/www.interscala.gr\/en\/skala\/uncategorized\/metal-frames-copy-copy-copy-copy-2\/\",\"name\":\"Metal Frames (Copy) (Copy) (Copy) (Copy) - InterSCALA\",\"isPartOf\":{\"@id\":\"https:\/\/www.interscala.gr\/#website\"},\"primaryImageOfPage\":{\"@id\":\"https:\/\/www.interscala.gr\/en\/skala\/uncategorized\/metal-frames-copy-copy-copy-copy-2\/#primaryimage\"},\"image\":{\"@id\":\"https:\/\/www.interscala.gr\/en\/skala\/uncategorized\/metal-frames-copy-copy-copy-copy-2\/#primaryimage\"},\"thumbnailUrl\":\"https:\/\/www.interscala.gr\/wp-content\/uploads\/2024\/01\/Bath03.jpg\",\"datePublished\":\"2024-10-13T20:22:56+00:00\",\"dateModified\":\"2024-10-13T20:55:41+00:00\",\"breadcrumb\":{\"@id\":\"https:\/\/www.interscala.gr\/en\/skala\/uncategorized\/metal-frames-copy-copy-copy-copy-2\/#breadcrumb\"},\"inLanguage\":\"en-US\",\"potentialAction\":[{\"@type\":\"ReadAction\",\"target\":[\"https:\/\/www.interscala.gr\/en\/skala\/uncategorized\/metal-frames-copy-copy-copy-copy-2\/\"]}]},{\"@type\":\"ImageObject\",\"inLanguage\":\"en-US\",\"@id\":\"https:\/\/www.interscala.gr\/en\/skala\/uncategorized\/metal-frames-copy-copy-copy-copy-2\/#primaryimage\",\"url\":\"https:\/\/www.interscala.gr\/wp-content\/uploads\/2024\/01\/Bath03.jpg\",\"contentUrl\":\"https:\/\/www.interscala.gr\/wp-content\/uploads\/2024\/01\/Bath03.jpg\",\"width\":518,\"height\":800},{\"@type\":\"BreadcrumbList\",\"@id\":\"https:\/\/www.interscala.gr\/en\/skala\/uncategorized\/metal-frames-copy-copy-copy-copy-2\/#breadcrumb\",\"itemListElement\":[{\"@type\":\"ListItem\",\"position\":1,\"name\":\"Home\",\"item\":\"https:\/\/www.interscala.gr\/en\/\"},{\"@type\":\"ListItem\",\"position\":2,\"name\":\"Shop\",\"item\":\"https:\/\/www.interscala.gr\/en\/shop\/\"},{\"@type\":\"ListItem\",\"position\":3,\"name\":\"Metal Frames (Copy) (Copy) (Copy) (Copy)\"}]},{\"@type\":\"WebSite\",\"@id\":\"https:\/\/www.interscala.gr\/#website\",\"url\":\"https:\/\/www.interscala.gr\/\",\"name\":\"interSCALA\",\"description\":\"\u039e\u03cd\u03bb\u03b9\u03bd\u03b5\u03c2 \u03a3\u03ba\u03ac\u03bb\u03b5\u03c2, \u039e\u03cd\u03bb\u03b9\u03bd\u03b1 \u039a\u03bf\u03c5\u03c6\u03ce\u03bc\u03b1\u03c4\u03b1, \u039e\u03cd\u03bb\u03b9\u03bd\u03b1 \u03b4\u03ac\u03c0\u03b5\u03b4\u03b1 | interSCALA\",\"publisher\":{\"@id\":\"https:\/\/www.interscala.gr\/#organization\"},\"potentialAction\":[{\"@type\":\"SearchAction\",\"target\":{\"@type\":\"EntryPoint\",\"urlTemplate\":\"https:\/\/www.interscala.gr\/?s={search_term_string}\"},\"query-input\":{\"@type\":\"PropertyValueSpecification\",\"valueRequired\":true,\"valueName\":\"search_term_string\"}}],\"inLanguage\":\"en-US\"},{\"@type\":\"Organization\",\"@id\":\"https:\/\/www.interscala.gr\/#organization\",\"name\":\"interSCALA\",\"url\":\"https:\/\/www.interscala.gr\/\",\"logo\":{\"@type\":\"ImageObject\",\"inLanguage\":\"en-US\",\"@id\":\"https:\/\/www.interscala.gr\/#\/schema\/logo\/image\/\",\"url\":\"https:\/\/www.interscala.gr\/wp-content\/uploads\/2023\/02\/logo-stairs.png\",\"contentUrl\":\"https:\/\/www.interscala.gr\/wp-content\/uploads\/2023\/02\/logo-stairs.png\",\"width\":261,\"height\":31,\"caption\":\"interSCALA\"},\"image\":{\"@id\":\"https:\/\/www.interscala.gr\/#\/schema\/logo\/image\/\"},\"sameAs\":[\"https:\/\/www.facebook.com\/InterSCALAgr\",\"https:\/\/www.instagram.com\/interscala_woodworld\/\",\"https:\/\/www.pinterest.com\/interscala0001\/\",\"https:\/\/www.youtube.com\/user\/interscala\"]}]}<\/script>\n<!-- \/ Yoast SEO plugin. -->","yoast_head_json":{"title":"Metal Frames (Copy) (Copy) (Copy) (Copy) - InterSCALA","robots":{"index":"index","follow":"follow","max-snippet":"max-snippet:-1","max-image-preview":"max-image-preview:large","max-video-preview":"max-video-preview:-1"},"canonical":"https:\/\/www.interscala.gr\/en\/skala\/uncategorized\/metal-frames-copy-copy-copy-copy-2\/","og_locale":"en_US","og_type":"article","og_title":"Metal Frames (Copy) (Copy) (Copy) (Copy) - InterSCALA","og_description":"The support of the steps on two side frames or on a metal external frame and metal axis can have many applications and meet your requirements with a wide variety of models. The side frames can be straight or scalloped on one or both sides. Each of these options offers multiple designs to achieve the result you have dreamed of. The thickness of the side frames can range from 5mm to 100mm. In the center of the staircase, there can be a metal central axis with a diameter of \u00d8160mm. A range of different materials and colors will expand the range of your options geometrically. The steps can be surface-mounted or recessed depending on the design of the side frame. The choice of steps can be: \u2022 Solid glued wood of your choice with a thickness of 42mm, \u2022 Metal or stainless steel \u2022 Triplex glass (transparent or colored) with a thickness of 30mm. \u2022 Corian There are many proposals for covering the staircase or enclosing your stairs.  METAL STAIRCASE RAILINGS &amp; FLOOR ENCLOSURE  Metal staircase railing with electrostatically painted or stainless steel uprights in various designs. Between or next to the uprights, depending on the design, there are stainless steel tubes \u00d812 and stainless steel or wooden handrails \u00d850. The support fittings for the handrail and \u00d812 are chromed. The stainless steel of our products is grade 304. The railings can be installed either on the steps or on the side of the staircase.  GLASS STAIRCASE AND FLOOR ENCLOSURE  Glass enclosure for the staircase with triplex-sekurit 5\/5 or 10mm glass, with or without a handrail. The handrail can be stainless steel or wooden, in solid wood of your choice, in various designs. The glass can be installed on the side of the staircase using a planar system or on the steps when it is placed between metal or wooden uprights and balusters using a clamp.","og_url":"https:\/\/www.interscala.gr\/en\/skala\/uncategorized\/metal-frames-copy-copy-copy-copy-2\/","og_site_name":"InterSCALA","article_publisher":"https:\/\/www.facebook.com\/InterSCALAgr","article_modified_time":"2024-10-13T20:55:41+00:00","og_image":[{"width":518,"height":800,"url":"https:\/\/www.interscala.gr\/wp-content\/uploads\/2024\/01\/Bath03.jpg","type":"image\/jpeg"}],"twitter_card":"summary_large_image","schema":{"@context":"https:\/\/schema.org","@graph":[{"@type":"WebPage","@id":"https:\/\/www.interscala.gr\/en\/skala\/uncategorized\/metal-frames-copy-copy-copy-copy-2\/","url":"https:\/\/www.interscala.gr\/en\/skala\/uncategorized\/metal-frames-copy-copy-copy-copy-2\/","name":"Metal Frames (Copy) (Copy) (Copy) (Copy) - InterSCALA","isPartOf":{"@id":"https:\/\/www.interscala.gr\/#website"},"primaryImageOfPage":{"@id":"https:\/\/www.interscala.gr\/en\/skala\/uncategorized\/metal-frames-copy-copy-copy-copy-2\/#primaryimage"},"image":{"@id":"https:\/\/www.interscala.gr\/en\/skala\/uncategorized\/metal-frames-copy-copy-copy-copy-2\/#primaryimage"},"thumbnailUrl":"https:\/\/www.interscala.gr\/wp-content\/uploads\/2024\/01\/Bath03.jpg","datePublished":"2024-10-13T20:22:56+00:00","dateModified":"2024-10-13T20:55:41+00:00","breadcrumb":{"@id":"https:\/\/www.interscala.gr\/en\/skala\/uncategorized\/metal-frames-copy-copy-copy-copy-2\/#breadcrumb"},"inLanguage":"en-US","potentialAction":[{"@type":"ReadAction","target":["https:\/\/www.interscala.gr\/en\/skala\/uncategorized\/metal-frames-copy-copy-copy-copy-2\/"]}]},{"@type":"ImageObject","inLanguage":"en-US","@id":"https:\/\/www.interscala.gr\/en\/skala\/uncategorized\/metal-frames-copy-copy-copy-copy-2\/#primaryimage","url":"https:\/\/www.interscala.gr\/wp-content\/uploads\/2024\/01\/Bath03.jpg","contentUrl":"https:\/\/www.interscala.gr\/wp-content\/uploads\/2024\/01\/Bath03.jpg","width":518,"height":800},{"@type":"BreadcrumbList","@id":"https:\/\/www.interscala.gr\/en\/skala\/uncategorized\/metal-frames-copy-copy-copy-copy-2\/#breadcrumb","itemListElement":[{"@type":"ListItem","position":1,"name":"Home","item":"https:\/\/www.interscala.gr\/en\/"},{"@type":"ListItem","position":2,"name":"Shop","item":"https:\/\/www.interscala.gr\/en\/shop\/"},{"@type":"ListItem","position":3,"name":"Metal Frames (Copy) (Copy) (Copy) (Copy)"}]},{"@type":"WebSite","@id":"https:\/\/www.interscala.gr\/#website","url":"https:\/\/www.interscala.gr\/","name":"interSCALA","description":"\u039e\u03cd\u03bb\u03b9\u03bd\u03b5\u03c2 \u03a3\u03ba\u03ac\u03bb\u03b5\u03c2, \u039e\u03cd\u03bb\u03b9\u03bd\u03b1 \u039a\u03bf\u03c5\u03c6\u03ce\u03bc\u03b1\u03c4\u03b1, \u039e\u03cd\u03bb\u03b9\u03bd\u03b1 \u03b4\u03ac\u03c0\u03b5\u03b4\u03b1 | interSCALA","publisher":{"@id":"https:\/\/www.interscala.gr\/#organization"},"potentialAction":[{"@type":"SearchAction","target":{"@type":"EntryPoint","urlTemplate":"https:\/\/www.interscala.gr\/?s={search_term_string}"},"query-input":{"@type":"PropertyValueSpecification","valueRequired":true,"valueName":"search_term_string"}}],"inLanguage":"en-US"},{"@type":"Organization","@id":"https:\/\/www.interscala.gr\/#organization","name":"interSCALA","url":"https:\/\/www.interscala.gr\/","logo":{"@type":"ImageObject","inLanguage":"en-US","@id":"https:\/\/www.interscala.gr\/#\/schema\/logo\/image\/","url":"https:\/\/www.interscala.gr\/wp-content\/uploads\/2023\/02\/logo-stairs.png","contentUrl":"https:\/\/www.interscala.gr\/wp-content\/uploads\/2023\/02\/logo-stairs.png","width":261,"height":31,"caption":"interSCALA"},"image":{"@id":"https:\/\/www.interscala.gr\/#\/schema\/logo\/image\/"},"sameAs":["https:\/\/www.facebook.com\/InterSCALAgr","https:\/\/www.instagram.com\/interscala_woodworld\/","https:\/\/www.pinterest.com\/interscala0001\/","https:\/\/www.youtube.com\/user\/interscala"]}]}},"_links":{"self":[{"href":"https:\/\/www.interscala.gr\/en\/wp-json\/wp\/v2\/product\/11352","targetHints":{"allow":["GET"]}}],"collection":[{"href":"https:\/\/www.interscala.gr\/en\/wp-json\/wp\/v2\/product"}],"about":[{"href":"https:\/\/www.interscala.gr\/en\/wp-json\/wp\/v2\/types\/product"}],"replies":[{"embeddable":true,"href":"https:\/\/www.interscala.gr\/en\/wp-json\/wp\/v2\/comments?post=11352"}],"wp:featuredmedia":[{"embeddable":true,"href":"https:\/\/www.interscala.gr\/en\/wp-json\/wp\/v2\/media\/9737"}],"wp:attachment":[{"href":"https:\/\/www.interscala.gr\/en\/wp-json\/wp\/v2\/media?parent=11352"}],"wp:term":[{"taxonomy":"product_cat","embeddable":true,"href":"https:\/\/www.interscala.gr\/en\/wp-json\/wp\/v2\/product_cat?post=11352"},{"taxonomy":"product_tag","embeddable":true,"href":"https:\/\/www.interscala.gr\/en\/wp-json\/wp\/v2\/product_tag?post=11352"}],"curies":[{"name":"wp","href":"https:\/\/api.w.org\/{rel}","templated":true}]}}